{"id":869,"date":"2026-01-21T15:38:07","date_gmt":"2026-01-21T14:38:07","guid":{"rendered":"https:\/\/www.michele-crider.com\/datenschutz\/"},"modified":"2026-01-21T15:38:07","modified_gmt":"2026-01-21T14:38:07","slug":"datenschutz","status":"publish","type":"page","link":"https:\/\/www.michele-crider.com\/en\/datenschutz\/","title":{"rendered":"Datenschutzerkl\u00e4rung"},"content":{"rendered":"\t\t<div data-elementor-type=\"wp-page\" data-elementor-id=\"869\" class=\"elementor elementor-869 elementor-433\">\n\t\t\t\t<div class=\"elementor-element elementor-element-7c1b304a e-flex e-con-boxed e-con e-parent\" data-id=\"7c1b304a\" data-element_type=\"container\" data-e-type=\"container\">\n\t\t\t\t\t<div class=\"e-con-inner\">\n\t\t<div class=\"elementor-element elementor-element-5639ca87 e-con-full e-flex e-con e-child\" data-id=\"5639ca87\" data-element_type=\"container\" data-e-type=\"container\">\n\t\t<div class=\"elementor-element elementor-element-679820d7 e-con-full e-flex e-con e-child\" data-id=\"679820d7\" data-element_type=\"container\" data-e-type=\"container\">\n\t\t<div class=\"elementor-element elementor-element-96dde57 e-con-full e-flex e-con e-child\" data-id=\"96dde57\" data-element_type=\"container\" data-e-type=\"container\">\n\t\t\t\t<div class=\"elementor-element elementor-element-32c0ac4b elementor-widget elementor-widget-heading\" data-id=\"32c0ac4b\" data-element_type=\"widget\" data-e-type=\"widget\" data-widget_type=\"heading.default\">\n\t\t\t\t\t<h1 class=\"elementor-heading-title elementor-size-default\">Datenschutz&shy;erkl\u00e4rung<\/h1>\t\t\t\t<\/div>\n\t\t\t\t<\/div>\n\t\t\t\t<\/div>\n\t\t<div class=\"elementor-element elementor-element-4f845e69 e-con-full e-flex e-con e-child\" data-id=\"4f845e69\" data-element_type=\"container\" data-e-type=\"container\" data-settings=\"{&quot;background_background&quot;:&quot;classic&quot;}\">\n\t\t<div class=\"elementor-element elementor-element-22cf5aef e-con-full e-flex e-con e-child\" data-id=\"22cf5aef\" data-element_type=\"container\" data-e-type=\"container\">\n\t\t\t\t<div class=\"elementor-element elementor-element-2d5db671 elementor-widget elementor-widget-text-editor\" data-id=\"2d5db671\" data-element_type=\"widget\" data-e-type=\"widget\" data-widget_type=\"text-editor.default\">\n\t\t\t\t\t\t\t\t\t<p><strong>Verantwortlich im Sinne der DSGVO ist: Michele Crider<\/strong><\/p>\n<p>Es ist kein Datenschutzbeauftragter bestellt, da dies gesetzlich nicht notwendig ist.<\/p>\n<h2>Kontakt per E-Mail<\/h2>\n<p>Sollten Sie per E-Mail mit uns Kontakt aufnehmen, werden die mitgeteilten Daten von uns gespeichert, um Ihr Anliegen zu bearbeiten.<\/p>\n<p><strong>Zu den verarbeiteten Daten z\u00e4hlen jedenfalls:<\/strong>&nbsp;Name, E-Mail Adresse, Betreff und Nachricht<\/p>\n<p>Wir werde die Daten l\u00f6schen, sobald die Speicherung nicht mehr erforderlich ist oder die Verarbeitung einschr\u00e4nken, falls gesetzliche Aufbewahrungspflichten bestehen.<\/p>\n<h2>Webseite &amp; Hosting<\/h2>\n<p>Wir erheben in sogenannten Logfiles folgende Daten \u00fcber deinen Besuch der Webseite, die dein Browser automatisch \u00fcbermittelt:<br>IP-Adresse, Datum und Uhrzeit der Anfrage, Zeitzonendifferenz zur Greenwich Mean Time, Inhalt der Anforderung, HTTP-Statuscode, \u00fcbertragene Datenmenge, Website, von der die Anforderung kommt und Informationen zu Browser und Betriebssystem.<\/p>\n<p>Das ist erforderlich, um unsere Website anzuzeigen, die Stabilit\u00e4t und Sicherheit zu gew\u00e4hrleisten und die \u00dcberpr\u00fcfung, ob rechtswidrige Nutzung stattgefunden hat. Dies entspricht unserem berechtigten Interesse im Sinne des Art. 6 Abs. 1 S. 1 lit. f DSGVO.<\/p>\n<p>Wir setzen f\u00fcr die Zurverf\u00fcgungstellung unserer Website folgenden Hoster ein: A1 Telekom Austria AG<\/p>\n<p>Dieser ist Empf\u00e4nger deiner personenbezogenen Daten und als Auftragsverarbeiter f\u00fcr uns t\u00e4tig. Dies entspricht dem berechtigten Interesse im Sinne des Art. 6 Abs. 1 S. 1 lit. f DSGVO, selbst keinen Server in unseren R\u00e4umlichkeiten vorhalten zu m\u00fcssen.<\/p>\n<p>Weitere Informationen zu Widerspruchs- und Beseitigungsm\u00f6glichkeiten gegen\u00fcber A1 Telekom Austria AG findest du unter:&nbsp;<a style=\"background-color: #111112; font-size: 1rem;\" href=\"https:\/\/www.a1.net\/ueber-a1\/datenschutz\" target=\"_blank\" rel=\"noopener noreferrer nofollow\">www.a1.net\/ueber-a1\/datenschutz<\/a><\/p>\n<p>Du hast das Recht der Verarbeitung zu widersprechen. Ob der Widerspruch erfolgreich ist, ist im Rahmen einer Interessenabw\u00e4gung zu ermitteln.<\/p>\n<p>Die Daten werden nach Ablauf von 14 Tagen gel\u00f6scht.<\/p>\n<p>Die Verarbeitung der unter diesem Abschnitt angegebenen Daten ist weder gesetzlich noch vertraglich vorgeschrieben. Die Funktionsf\u00e4higkeit der Website ist ohne die Verarbeitung nicht gew\u00e4hrleistet.<\/p>\n<h2>Cookies<\/h2>\n<p>Diese Webseite verwendet keine Cookies!<\/p>\n<h2 style=\"font-style: normal; color: rgb(255, 255, 255);\">YouTube<\/h2>\n<p>Diese Website verwendet YouTube-Videos im &#8220;No-Cookie&#8221;-Modus. Betreiber ist Google LLC. Beim Laden eines Videos werden Daten an Google \u00fcbertragen. Weitere Informationen findest du in der&nbsp;<a href=\"https:\/\/policies.google.com\/privacy\" target=\"_blank\" rel=\"noopener noreferrer nofollow\">Datenschutzerkl\u00e4rung von Google<\/a>.<\/p>\n<h2>Betroffenenrechte<\/h2>\n<p>Sie haben als betroffene Person, das Recht auf Auskunft, das Recht auf Berichtigung oder L\u00f6schung, das Recht auf Einschr\u00e4nkung der Verarbeitung und das Recht auf Widerspruch gegen die Verarbeitung Ihrer Daten. Sofern Sie uns eine Einwilligung erteilt haben, k\u00f6nnen Sie diese jederzeit mit Wirkung f\u00fcr die Zukunft widerrufen.<\/p>\n<p>Bitte richten Sie den Widerruf formlos an die oben genannten Kontaktdaten.<\/p>\n<p>Dar\u00fcber hinaus haben Sie das Recht auf Daten\u00fcbertragbarkeit. Sie haben weiter das Recht, dich bei der Aufsichtsbeh\u00f6rde \u00fcber die Verarbeitung zu beschweren.<\/p>\t\t\t\t\t\t\t\t<\/div>\n\t\t\t\t<\/div>\n\t\t\t\t<\/div>\n\t\t\t\t<\/div>\n\t\t\t\t\t<\/div>\n\t\t\t\t<\/div>\n\t\t\t\t<\/div>\n\t\t","protected":false},"excerpt":{"rendered":"<p>Datenschutz&shy;erkl\u00e4rung Verantwortlich im Sinne der DSGVO ist: Michele Crider Es ist kein Datenschutzbeauftragter bestellt, da dies gesetzlich nicht notwendig ist. Kontakt per E-Mail Sollten Sie per E-Mail mit uns Kontakt aufnehmen, werden die mitgeteilten Daten von uns gespeichert, um Ihr Anliegen zu bearbeiten. Zu den verarbeiteten Daten z\u00e4hlen jedenfalls:&nbsp;Name, E-Mail Adresse, Betreff und Nachricht Wir [&hellip;]<\/p>\n","protected":false},"author":1,"featured_media":0,"parent":0,"menu_order":0,"comment_status":"closed","ping_status":"closed","template":"","meta":{"_acf_changed":false,"site-sidebar-layout":"no-sidebar","site-content-layout":"page-builder","ast-site-content-layout":"full-width-container","site-content-style":"default","site-sidebar-style":"default","ast-global-header-display":"","ast-banner-title-visibility":"","ast-main-header-display":"","ast-hfb-above-header-display":"","ast-hfb-below-header-display":"","ast-hfb-mobile-header-display":"","site-post-title":"disabled","ast-breadcrumbs-content":"","ast-featured-img":"disabled","footer-sml-layout":"","ast-disable-related-posts":"","theme-transparent-header-meta":"default","adv-header-id-meta":"","stick-header-meta":"","header-above-stick-meta":"","header-main-stick-meta":"","header-below-stick-meta":"","astra-migrate-meta-layouts":"set","ast-page-background-enabled":"default","ast-page-background-meta":{"desktop":{"background-color":"var(--ast-global-color-5)","background-image":"","background-repeat":"repeat","background-position":"center center","background-size":"auto","background-attachment":"scroll","background-type":"","background-media":"","overlay-type":"","overlay-color":"","overlay-opacity":"","overlay-gradient":""},"tablet":{"background-color":"","background-image":"","background-repeat":"repeat","background-position":"center center","background-size":"auto","background-attachment":"scroll","background-type":"","background-media":"","overlay-type":"","overlay-color":"","overlay-opacity":"","overlay-gradient":""},"mobile":{"background-color":"","background-image":"","background-repeat":"repeat","background-position":"center center","background-size":"auto","background-attachment":"scroll","background-type":"","background-media":"","overlay-type":"","overlay-color":"","overlay-opacity":"","overlay-gradient":""}},"ast-content-background-meta":{"desktop":{"background-color":"var(--ast-global-color-4)","background-image":"","background-repeat":"repeat","background-position":"center center","background-size":"auto","background-attachment":"scroll","background-type":"","background-media":"","overlay-type":"","overlay-color":"","overlay-opacity":"","overlay-gradient":""},"tablet":{"background-color":"var(--ast-global-color-4)","background-image":"","background-repeat":"repeat","background-position":"center center","background-size":"auto","background-attachment":"scroll","background-type":"","background-media":"","overlay-type":"","overlay-color":"","overlay-opacity":"","overlay-gradient":""},"mobile":{"background-color":"var(--ast-global-color-4)","background-image":"","background-repeat":"repeat","background-position":"center center","background-size":"auto","background-attachment":"scroll","background-type":"","background-media":"","overlay-type":"","overlay-color":"","overlay-opacity":"","overlay-gradient":""}},"footnotes":""},"class_list":["post-869","page","type-page","status-publish","hentry"],"acf":[],"_links":{"self":[{"href":"https:\/\/www.michele-crider.com\/en\/wp-json\/wp\/v2\/pages\/869","targetHints":{"allow":["GET"]}}],"collection":[{"href":"https:\/\/www.michele-crider.com\/en\/wp-json\/wp\/v2\/pages"}],"about":[{"href":"https:\/\/www.michele-crider.com\/en\/wp-json\/wp\/v2\/types\/page"}],"author":[{"embeddable":true,"href":"https:\/\/www.michele-crider.com\/en\/wp-json\/wp\/v2\/users\/1"}],"replies":[{"embeddable":true,"href":"https:\/\/www.michele-crider.com\/en\/wp-json\/wp\/v2\/comments?post=869"}],"version-history":[{"count":0,"href":"https:\/\/www.michele-crider.com\/en\/wp-json\/wp\/v2\/pages\/869\/revisions"}],"wp:attachment":[{"href":"https:\/\/www.michele-crider.com\/en\/wp-json\/wp\/v2\/media?parent=869"}],"curies":[{"name":"wp","href":"https:\/\/api.w.org\/{rel}","templated":true}]}}